{"id":12778,"date":"2021-02-10T15:26:21","date_gmt":"2021-02-10T15:26:21","guid":{"rendered":"https:\/\/adcecija.pt\/?page_id=12778"},"modified":"2022-10-24T16:27:42","modified_gmt":"2022-10-24T16:27:42","slug":"practice-areas-private-clients","status":"publish","type":"page","link":"https:\/\/adcecija.pt\/en\/practice-areas-private-clients\/","title":{"rendered":"Practice Areas &#8211; Private Clients"},"content":{"rendered":"<section id=\"bt_bb_section69d6029a311a0\" class=\"bt_bb_section bt_bb_layout_boxed_1200 bt_bb_vertical_align_top\"  data-bt-override-class=\"null\"><div class=\"bt_bb_background_image_holder_wrapper\"><div class=\"bt_bb_background_image_holder btLazyLoadBackground\"  data-background_image_src=\"https:\/\/adcecija.pt\/wp-content\/uploads\/2022\/08\/Banner_APs.png\" data-parallax-zoom-start=\"1\" data-parallax-zoom-end=\"1\" data-parallax-blur-start=\"0\" data-parallax-blur-end=\"0\" data-parallax-opacity-start=\"1\" data-parallax-opacity-end=\"1\" style=\" background-image: url(&#039;https:\/\/adcecija.pt\/wp-content\/plugins\/bold-page-builder\/img\/blank.gif&#039;);\"><\/div><\/div><div class=\"bt_bb_port\"><div class=\"bt_bb_cell\"><div class=\"bt_bb_cell_inner\"><div class=\"bt_bb_row_wrapper\"><div  class=\"bt_bb_row\"  data-bt-override-class=\"{}\"><div  class=\"bt_bb_column col-xl-12 bt_bb_align_left bt_bb_padding_normal bt_bb_animation_zoom_in animate\"  data-width=\"12\" data-bt-override-class=\"{}\"><div class=\"bt_bb_column_content bt_bb_vertical_align_top bt_bb_color_scheme_\"><div class=\"bt_bb_column_content_inner\"><div class=\"bt_bb_separator bt_bb_border_style_none bt_bb_top_spacing_130 bt_bb_bottom_spacing_130\" data-bt-override-class=\"null\"><\/div><header id=\"titulopagina\" class=\"bt_bb_headline bt_bb_font_weight_bold bt_bb_dash_none bt_bb_size_extralarge bt_bb_align_center\" style=\";font-family:&#039;Roboto&#039;;color:#ffffff;border-color:#ffffff;\" data-bt-override-class=\"{}\"><h1 style=\"font-family:'Roboto'; font-size:93px\" class=\"bt_bb_headline_tag\"><span class=\"bt_bb_headline_content\"><span>Practice Areas<\/span><\/span><\/h1><\/header><div class=\"bt_bb_separator bt_bb_border_style_none bt_bb_top_spacing_130 bt_bb_bottom_spacing_130\" data-bt-override-class=\"null\"><\/div><\/div><\/div><\/div><\/div><\/div><\/div><!-- cell_inner --><\/div><!-- cell --><\/div><!-- port --><\/section><section id=\"bt_bb_section69d6029a318ab\" class=\"bt_bb_section bt_bb_layout_boxed_1200\"  data-bt-override-class=\"null\"><div class=\"bt_bb_port\"><div class=\"bt_bb_cell\"><div class=\"bt_bb_cell_inner\"><div class=\"bt_bb_row_wrapper\"><div  class=\"bt_bb_row\"  data-bt-override-class=\"{}\"><div id=\"tailordiv\" class=\"bt_bb_column col-xl-12 bt_bb_align_center bt_bb_padding_normal bt_bb_animation_fade_in bt_bb_animation_move_left animate\"  data-width=\"12\" data-bt-override-class=\"{}\"><div class=\"bt_bb_column_content bt_bb_vertical_align_top bt_bb_color_scheme_\"><div class=\"bt_bb_column_content_inner\"><div class=\"bt_bb_separator bt_bb_border_style_none bt_bb_top_spacing_25\" data-bt-override-class=\"null\"><\/div><header class=\"bt_bb_headline bt_bb_font_weight_light bt_bb_color_scheme_6 bt_bb_dash_gray bt_bb_size_normal bt_bb_align_inherit bt_bb_supertitle_font_weight_normal bt_bb_subtitle_font_weight_normal\" style=\";font-family:&#039;Roboto&#039;; --primary-color:#ffffff; --secondary-color:#e53d2f;;color:#324251;border-color:#324251;\" data-bt-override-class=\"{}\"><h3 style=\"font-family:'Roboto'; font-size:55px\" class=\"bt_bb_headline_tag\"><span class=\"bt_bb_headline_content\"><span>OUR SERVICES ARE TAILORED<\/span><\/span><\/h3><\/header><header class=\"bt_bb_headline bt_bb_font_weight_semi-bold bt_bb_color_scheme_6 bt_bb_dash_top bt_bb_size_extralarge bt_bb_align_inherit\" style=\";font-family:&#039;Roboto&#039;; --primary-color:#ffffff; --secondary-color:#e53d2f;;color:#e53d2f;border-color:#e53d2f;\" data-bt-override-class=\"{}\"><h4 style=\"font-family:'Roboto'; font-size:50px\" class=\"bt_bb_headline_tag\"><span class=\"bt_bb_headline_content\"><span>TO YOUR NEEDS.<\/span><\/span><\/h4><\/header><div class=\"bt_bb_separator bt_bb_border_style_none bt_bb_bottom_spacing_25\" data-bt-override-class=\"null\"><\/div><\/div><\/div><\/div><\/div><\/div><\/div><!-- cell_inner --><\/div><!-- cell --><\/div><!-- port --><\/section><section id=\"bt_bb_section69d6029a31dfd\" class=\"bt_bb_section bt_bb_layout_boxed_1200\"  data-bt-override-class=\"null\"><div class=\"bt_bb_port\"><div class=\"bt_bb_cell\"><div class=\"bt_bb_cell_inner\"><div class=\"bt_bb_row_wrapper\"><div  class=\"bt_bb_row\"  data-bt-override-class=\"{}\"><div  class=\"bt_bb_column col-xl-12 bt_bb_align_left bt_bb_padding_normal\"  data-width=\"12\" data-bt-override-class=\"{}\"><div class=\"bt_bb_column_content bt_bb_vertical_align_top bt_bb_color_scheme_\"><div class=\"bt_bb_column_content_inner\"><div class=\"bt_bb_separator bt_bb_border_style_none bt_bb_top_spacing_40\" data-bt-override-class=\"null\"><\/div><div class=\"bt_bb_accordion newsAccordion bt_bb_color_scheme_14 bt_bb_style_filled\" style=\"; --accordion-primary-color:#425363; --accordion-secondary-color:#e53d2f;\"><div class=\"bt_bb_accordion_item\"><div class=\"bt_bb_accordion_item_title\">Private Clients<\/div><div class=\"bt_bb_accordion_item_content\"><div  class=\"bt_bb_text\" >\n<p>Antas da Cunha Ecija &amp; Associados has a vast experience with Private Clients, a practice that is becoming our rising star.<\/p>\n<p>Our teams specialise in Golden Visas, family and succession law, family offices, corporate governance in family businesses, assistance to non-residents and non-habitual residents, and in all tax and property-related matters.<\/p>\n<div class=\"gridShortcode\" data-margin=\"5\">\n<div class=\"sliderSlick owl-theme slide1 bt_bb_row_inner\" >\n<div class=\"bt_bb_column_inner col-md-3 col-sm-6 col-ms-12 bt_bb_align_left bt_bb_vertical_align_top bt_bb_padding_normal\" data-width=\"3\">\n<div class=\"bt_bb_column_inner_content\">\n<div class=\"bt_bb_image bt_bb_shape_square bt_bb_align_inherit bt_bb_hover_style_zoom-in-to-grayscale bt_bb_content_display_always bt_bb_content_align_middle\">\n<p>                        <a href=\"https:\/\/adcecija.pt\/en\/equipa\/fernando-antas-da-cunha\/\" target=\"_self\" title=\"Fernando Antas da Cunha\"><\/p>\n<p>                            <img loading=\"lazy\" decoding=\"async\" width=\"600\" height=\"600\" src=\"https:\/\/adcecija.pt\/wp-content\/uploads\/2020\/10\/FernandoAntasdaCunha-1.jpg\" class=\"attachment-medium size-medium wp-post-image\" alt=\"\" srcset=\"https:\/\/adcecija.pt\/wp-content\/uploads\/2020\/10\/FernandoAntasdaCunha-1.jpg 600w, https:\/\/adcecija.pt\/wp-content\/uploads\/2020\/10\/FernandoAntasdaCunha-1-160x160.jpg 160w, https:\/\/adcecija.pt\/wp-content\/uploads\/2020\/10\/FernandoAntasdaCunha-1-150x150.jpg 150w, https:\/\/adcecija.pt\/wp-content\/uploads\/2020\/10\/FernandoAntasdaCunha-1-320x320.jpg 320w\" sizes=\"auto, (max-width: 600px) 100vw, 600px\" \/>                            <\/a>\n                            <\/div>\n<div class=\"bt_bb_separator\"><\/div>\n<header class=\"bt_bb_headline text-socio bt_bb_color_scheme_2 bt_bb_dash_none bt_bb_size_small bt_bb_subheadline bt_bb_align_left bt_bb_subtitle_font_weight_light\" style=\";font-family:'Roboto';color:#425363;border-color:#425363;\">\n<h6 style=\"font-family:'Roboto'; font-size:14.9\">\n                                <span class=\"bt_bb_headline_content\"><span> Fernando Antas da Cunha<\/span><\/span><br \/>\n                                <\/h6>\n<div class=\"bt_bb_headline_subheadline\">\n<p>                               AC@ADCECIJA.PT<\/p>\n<\/div>\n<\/header>\n<div class=\"bt_bb_icon bt_bb_color_scheme_12 bt_bb_style_borderless bt_bb_size_xsmall bt_bb_shape_square bt_bb_align_inherit\">\n                                        <a href=\"https:\/\/pt.linkedin.com\/pub\/fernando-antas-da-cunha\/33\/18\/31a\" target=\"_blank\" data-ico-fontawesome=\"\uf0e1\" class=\"bt_bb_icon_holder\"><\/a>\n                                        <\/div>\n<div class=\"bt_bb_icon bt_bb_color_scheme_12 bt_bb_style_borderless bt_bb_size_small bt_bb_shape_circle bt_bb_align_inherit\"><a href=\"mailto:AC@ADCECIJA.PT\" target=\"_self\" data-ico-fontawesome=\"\uf0e0\" class=\"bt_bb_icon_holder\"><br \/>\n                                        <\/a><\/p>\n<\/div>\n<\/div>\n<\/div>\n<div class=\"bt_bb_column_inner col-md-3 col-sm-6 col-ms-12 bt_bb_align_left bt_bb_vertical_align_top bt_bb_padding_normal\" data-width=\"3\">\n<div class=\"bt_bb_column_inner_content\">\n<div class=\"bt_bb_image bt_bb_shape_square bt_bb_align_inherit bt_bb_hover_style_zoom-in-to-grayscale bt_bb_content_display_always bt_bb_content_align_middle\">\n<p>                        <a href=\"https:\/\/adcecija.pt\/en\/equipa\/henrique-moser\/\" target=\"_self\" title=\"Henrique Moser\"><\/p>\n<p>                            <img loading=\"lazy\" decoding=\"async\" width=\"600\" height=\"600\" src=\"https:\/\/adcecija.pt\/wp-content\/uploads\/2020\/10\/HenriqueMoser-1.jpg\" class=\"attachment-medium size-medium wp-post-image\" alt=\"\" srcset=\"https:\/\/adcecija.pt\/wp-content\/uploads\/2020\/10\/HenriqueMoser-1.jpg 600w, https:\/\/adcecija.pt\/wp-content\/uploads\/2020\/10\/HenriqueMoser-1-160x160.jpg 160w, https:\/\/adcecija.pt\/wp-content\/uploads\/2020\/10\/HenriqueMoser-1-150x150.jpg 150w, https:\/\/adcecija.pt\/wp-content\/uploads\/2020\/10\/HenriqueMoser-1-320x320.jpg 320w\" sizes=\"auto, (max-width: 600px) 100vw, 600px\" \/>                            <\/a>\n                            <\/div>\n<div class=\"bt_bb_separator\"><\/div>\n<header class=\"bt_bb_headline text-socio bt_bb_color_scheme_2 bt_bb_dash_none bt_bb_size_small bt_bb_subheadline bt_bb_align_left bt_bb_subtitle_font_weight_light\" style=\";font-family:'Roboto';color:#425363;border-color:#425363;\">\n<h6 style=\"font-family:'Roboto'; font-size:14.9\">\n                                <span class=\"bt_bb_headline_content\"><span> Henrique Moser<\/span><\/span><br \/>\n                                <\/h6>\n<div class=\"bt_bb_headline_subheadline\">\n<p>                               HMOSER@ADCECIJA.PT<\/p>\n<\/div>\n<\/header>\n<div class=\"bt_bb_icon bt_bb_color_scheme_12 bt_bb_style_borderless bt_bb_size_xsmall bt_bb_shape_square bt_bb_align_inherit\">\n                                        <a href=\"https:\/\/www.linkedin.com\/in\/henrique-moser-13573188\" target=\"_blank\" data-ico-fontawesome=\"\uf0e1\" class=\"bt_bb_icon_holder\"><\/a>\n                                        <\/div>\n<div class=\"bt_bb_icon bt_bb_color_scheme_12 bt_bb_style_borderless bt_bb_size_small bt_bb_shape_circle bt_bb_align_inherit\"><a href=\"mailto:HMOSER@ADCECIJA.PT\" target=\"_self\" data-ico-fontawesome=\"\uf0e0\" class=\"bt_bb_icon_holder\"><br \/>\n                                        <\/a><\/p>\n<\/div>\n<\/div>\n<\/div>\n<\/div>\n<\/div>\n<\/div>\n<\/div><\/div><\/div><div class=\"bt_bb_separator bt_bb_border_style_none bt_bb_bottom_spacing_40\" data-bt-override-class=\"null\"><\/div><\/div><\/div><\/div><\/div><\/div><\/div><!-- cell_inner --><\/div><!-- cell --><\/div><!-- port --><\/section><section id=\"recrutamentosection\" class=\"bt_bb_section bt_bb_layout_wide bt_bb_vertical_align_top\" style=\";background-color:#425363;\" data-bt-override-class=\"null\"><div class=\"bt_bb_port\"><div class=\"bt_bb_cell\"><div class=\"bt_bb_cell_inner\"><div class=\"bt_bb_row_wrapper\"><div  class=\"bt_bb_row\"  data-bt-override-class=\"{}\"><div  class=\"bt_bb_column col-xl-12 bt_bb_align_left bt_bb_padding_normal bt_bb_animation_move_up animate\"  data-width=\"12\" data-bt-override-class=\"{}\"><div class=\"bt_bb_column_content bt_bb_vertical_align_top bt_bb_color_scheme_\"><div class=\"bt_bb_column_content_inner\"><div class=\"bt_bb_separator bt_bb_border_style_none bt_bb_top_spacing_130 bt_bb_bottom_spacing_130\" data-bt-override-class=\"null\"><\/div><header class=\"bt_bb_headline bt_bb_font_weight_lighter bt_bb_dash_none bt_bb_size_inherit bt_bb_align_center bt_bb_subtitle_font_weight_bold\" style=\";font-family:&#039;Roboto&#039;;color:#ffffff;border-color:#ffffff;\" data-bt-override-class=\"{}\"><h1 style=\"font-family:'Roboto'; font-size:51px\" class=\"bt_bb_headline_tag\"><span class=\"bt_bb_headline_content\"><span>RECRUITMENT<\/span><\/span><\/h1><\/header><header class=\"bt_bb_headline bt_bb_font_weight_bold bt_bb_dash_none bt_bb_size_inherit bt_bb_align_center bt_bb_subtitle_font_weight_bold\" style=\";font-family:&#039;Roboto&#039;;color:#ffffff;border-color:#ffffff;\" data-bt-override-class=\"{}\"><h1 style=\"font-family:'Roboto'; font-size:51px\" class=\"bt_bb_headline_tag\"><span class=\"bt_bb_headline_content\"><span>Hire character. Train skill.<\/span><\/span><\/h1><\/header><div class=\"bt_bb_separator bt_bb_border_style_none bt_bb_top_spacing_130 bt_bb_bottom_spacing_130\" data-bt-override-class=\"null\"><\/div><\/div><\/div><\/div><\/div><\/div><\/div><!-- cell_inner --><\/div><!-- cell --><\/div><!-- port --><\/section><section id=\"bt_bb_section69d6029a3b0e3\" class=\"bt_bb_section bt_bb_layout_wide bt_bb_vertical_align_top\"  data-bt-override-class=\"null\"><div class=\"bt_bb_port\"><div class=\"bt_bb_cell\"><div class=\"bt_bb_cell_inner\"><div class=\"bt_bb_row_wrapper\"><div  class=\"bt_bb_row\"  data-bt-override-class=\"{}\"><div id=\"imgrecru\" class=\"bt_bb_column col-xl-6 bt_bb_align_left bt_bb_padding_normal bt_bb_animation_fade_in bt_bb_animation_move_right animate\"  data-width=\"6\" data-bt-override-class=\"{}\"><div class=\"bt_bb_column_content bt_bb_vertical_align_top bt_bb_color_scheme_\"><div class=\"bt_bb_column_content_inner\"><div class=\"bt_bb_image Retngulo-128 bt_bb_shape_square bt_bb_target_self bt_bb_align_inherit bt_bb_hover_style_simple bt_bb_content_display_always bt_bb_content_align_top\" data-bt-override-class=\"{}\"><span><img loading=\"lazy\" decoding=\"async\" width=\"923\" height=\"1184\" src=\"https:\/\/adcecija.pt\/wp-content\/uploads\/2020\/07\/Ret\u00e2ngulo-128-e1594262040173.png\" class=\"attachment-full size-full\" alt=\"https:\/\/adcecija.pt\/wp-content\/uploads\/2020\/07\/Ret\u00e2ngulo-128-e1594262040173.png\" data-full_image_src=\"https:\/\/adcecija.pt\/wp-content\/uploads\/2020\/07\/Ret\u00e2ngulo-128-e1594262040173.png\" title=\"Ret\u00e2ngulo 128\" srcset=\"https:\/\/adcecija.pt\/wp-content\/uploads\/2020\/07\/Ret\u00e2ngulo-128-e1594262040173.png 923w, https:\/\/adcecija.pt\/wp-content\/uploads\/2020\/07\/Ret\u00e2ngulo-128-e1594262040173-640x821.png 640w, https:\/\/adcecija.pt\/wp-content\/uploads\/2020\/07\/Ret\u00e2ngulo-128-e1594262040173-768x985.png 768w, https:\/\/adcecija.pt\/wp-content\/uploads\/2020\/07\/Ret\u00e2ngulo-128-e1594262040173-320x410.png 320w\" sizes=\"auto, (max-width: 923px) 100vw, 923px\" \/><\/span><\/div><\/div><\/div><\/div><div  class=\"bt_bb_column col-xl-6 bt_bb_align_left bt_bb_padding_normal bt_bb_animation_fade_in bt_bb_animation_move_left animate\"  data-width=\"6\" data-bt-override-class=\"{}\"><div class=\"bt_bb_column_content bt_bb_vertical_align_top bt_bb_color_scheme_\"><div class=\"bt_bb_column_content_inner\"><div class=\"bt_bb_separator bt_bb_border_style_none bt_bb_top_spacing_80 bt_bb_bottom_spacing_80\" data-bt-override-class=\"null\"><\/div><\/div><\/div><\/div><\/div><\/div><div class=\"bt_bb_row_wrapper\"><div  class=\"bt_bb_row bt_bb_hidden_xs bt_bb_hidden_ms bt_bb_hidden_sm bt_bb_hidden_md bt_bb_hidden_lg\"  data-bt-override-class=\"{}\"><div  class=\"bt_bb_column col-xl-12 bt_bb_align_left bt_bb_padding_130 bt_bb_animation_zoom_in animate\"  data-width=\"12\" data-bt-override-class=\"{}\"><div class=\"bt_bb_column_content bt_bb_vertical_align_top bt_bb_color_scheme_\"><div class=\"bt_bb_column_content_inner\"><div class=\"bt_bb_separator bt_bb_border_style_none bt_bb_top_spacing_40 bt_bb_bottom_spacing_80\" data-bt-override-class=\"null\"><\/div><div class=\"btQuoteBooking  btQuoteBookingWithoutColor c69d6029a3c0fa\"  data-admin_email=\"\" data-cf7_id=\"\" data-email_client=\"\" data-email_gdpr=\"\" data-email_gdpr_text=\"\" data-email_gdpr_not_text=\"\" data-currency=\"\" data-currency_after=\"\" data-currency_space=\"\" data-url_confirmation=\"\" data-url_ajax=\"https:\/\/adcecija.pt\/wp-admin\/admin-ajax.php\" data-subject=\"\" data-email_header=\"\" data-email_footer=\"\" data-date_text=\"Preferred Service Date\" data-time_text=\"Preferred Service Time\" data-message_please_wait=\"Please wait...\" data-message_success=\"Thank you, we will contact you soon!\" data-message_error=\"Error! Please try again later.\" data-message_mandatory=\"Please fill out all required fields.\" data-rec_secret_key=\"\" data-total_text=\"Total\" data-total_format=\"currency_1\" data-total_decimals=\"2\" data-date_format=\"\" data-bt_cc_nonce=\"6f1912dee9\"><div class=\"btQuoteBookingWrap\"><div class=\"btQuoteBookingForm btActive\"><div class=\"bt_bb_raw_content\"><div style=\"text-align: justify; color: #324251;\">\n<div style=\"margin-right: 10px;\" class=\"btQuoteSwitch btQuoteElement\" data-off=\"N\u00e3o\" data-on=\"Sim\" data-condition=\"\" data-initial-value=\"off\">\n<div class=\"btQuoteSwitchInner\"><\/div>\n<\/div>\n<p>Os dados recolhidos no presente formul\u00e1rio ser\u00e3o processados e armazenados informaticamente e eventualmente em suporte papel. A Antas da Cunha &#038; Associados &#8211; Sociedade de Advogados, RL \u00e9 a entidade respons\u00e1vel pelo tratamento dos dados pessoais.<\/p>\n<p>A informa\u00e7\u00e3o fornecida ser\u00e1 tratada de forma confidencial e utilizada exclusivamente para efeitos de recrutamento e da pondera\u00e7\u00e3o de uma eventual colabora\u00e7\u00e3o do titular dos dados com a Antas da Cunha. Em caso de contrata\u00e7\u00e3o, os dados recolhidos no presente formul\u00e1rio, em conjunto com os demais dados obtidos no \u00e2mbito da rela\u00e7\u00e3o contratual, ser\u00e3o utilizados para a gest\u00e3o de recursos humanos, para assegurar o cumprimento das obriga\u00e7\u00f5es legais e para a disponibiliza\u00e7\u00e3o, aos colaboradores, de meios necess\u00e1rios \u00e0 prossecu\u00e7\u00e3o da atividade profissional.<\/p>\n<p>A Antas da Cunha poder\u00e1 transmitir os seus dados a entidades subcontratadas para os efeitos acima referidos.<\/p>\n<p>Nos termos da legisla\u00e7\u00e3o aplic\u00e1vel, \u00e9 garantido ao titular o direito de acesso, retifica\u00e7\u00e3o e atualiza\u00e7\u00e3o dos seus dados pessoais, mediante pedido por escrito dirigido \u00e0 entidade respons\u00e1vel pelo tratamento dos dados e remetido por correio para recrutamento@adcecija.pt.<br>\nOs dados pessoais s\u00e3o submetidos \u00e0 Antas da Cunha atrav\u00e9s de uma rede aberta pelo que poder\u00e1 existir o risco de serem vistos e utilizados por terceiros n\u00e3o autorizados.<\/p>\n<\/div><\/div><div class=\"btTotalNextWrapper\"><\/div><\/div><\/div><\/div><div class=\"bt_bb_separator bt_bb_border_style_none bt_bb_bottom_spacing_80\" data-bt-override-class=\"null\"><\/div><\/div><\/div><\/div><\/div><\/div><\/div><!-- cell_inner --><\/div><!-- cell --><\/div><!-- port --><\/section>","protected":false},"excerpt":{"rendered":"","protected":false},"author":6,"featured_media":0,"parent":0,"menu_order":0,"comment_status":"closed","ping_status":"closed","template":"","meta":{"_exactmetrics_skip_tracking":false,"_exactmetrics_sitenote_active":false,"_exactmetrics_sitenote_note":"","_exactmetrics_sitenote_category":0,"footnotes":""},"class_list":["post-12778","page","type-page","status-publish","hentry"],"_links":{"self":[{"href":"https:\/\/adcecija.pt\/en\/wp-json\/wp\/v2\/pages\/12778","targetHints":{"allow":["GET"]}}],"collection":[{"href":"https:\/\/adcecija.pt\/en\/wp-json\/wp\/v2\/pages"}],"about":[{"href":"https:\/\/adcecija.pt\/en\/wp-json\/wp\/v2\/types\/page"}],"author":[{"embeddable":true,"href":"https:\/\/adcecija.pt\/en\/wp-json\/wp\/v2\/users\/6"}],"replies":[{"embeddable":true,"href":"https:\/\/adcecija.pt\/en\/wp-json\/wp\/v2\/comments?post=12778"}],"version-history":[{"count":3,"href":"https:\/\/adcecija.pt\/en\/wp-json\/wp\/v2\/pages\/12778\/revisions"}],"predecessor-version":[{"id":15722,"href":"https:\/\/adcecija.pt\/en\/wp-json\/wp\/v2\/pages\/12778\/revisions\/15722"}],"wp:attachment":[{"href":"https:\/\/adcecija.pt\/en\/wp-json\/wp\/v2\/media?parent=12778"}],"curies":[{"name":"wp","href":"https:\/\/api.w.org\/{rel}","templated":true}]}}