{"id":11566,"date":"2020-07-11T12:45:05","date_gmt":"2020-07-11T12:45:05","guid":{"rendered":"https:\/\/adcecija.pt\/brazilian-desk\/"},"modified":"2026-03-09T14:12:15","modified_gmt":"2026-03-09T14:12:15","slug":"desks-labs","status":"publish","type":"page","link":"https:\/\/adcecija.pt\/en\/desks-labs\/","title":{"rendered":"Desks | Labs"},"content":{"rendered":"<section id=\"bt_bb_section69d11b7a0df0c\" class=\"bt_bb_section bt_bb_layout_boxed_1200 bt_bb_vertical_align_top\"  data-bt-override-class=\"null\"><div class=\"bt_bb_background_image_holder_wrapper\"><div class=\"bt_bb_background_image_holder\"  data-parallax-zoom-start=\"1\" data-parallax-zoom-end=\"1\" data-parallax-blur-start=\"0\" data-parallax-blur-end=\"0\" data-parallax-opacity-start=\"1\" data-parallax-opacity-end=\"1\" style=\" background-image:url(&#039;https:\/\/adcecija.pt\/wp-content\/uploads\/2022\/08\/Banner_BrazilianDesk.png&#039;);\"><\/div><\/div><div class=\"bt_bb_port\"><div class=\"bt_bb_cell\"><div class=\"bt_bb_cell_inner\"><div class=\"bt_bb_row_wrapper\"><div  class=\"bt_bb_row\"  data-bt-override-class=\"{}\"><div  class=\"bt_bb_column col-xl-12 bt_bb_align_left bt_bb_padding_normal bt_bb_animation_zoom_in animate\"  data-width=\"12\" data-bt-override-class=\"{}\"><div class=\"bt_bb_column_content bt_bb_vertical_align_top bt_bb_color_scheme_\"><div class=\"bt_bb_column_content_inner\"><div class=\"bt_bb_separator bt_bb_border_style_none bt_bb_top_spacing_130 bt_bb_bottom_spacing_130\" data-bt-override-class=\"null\"><\/div><header id=\"titulopagina\" class=\"bt_bb_headline bt_bb_font_weight_bold bt_bb_dash_none bt_bb_size_extralarge bt_bb_align_center\" style=\";font-family:&#039;Roboto&#039;;color:#ffffff;border-color:#ffffff;\" data-bt-override-class=\"{&quot;bt_bb_align_&quot;:{&quot;current_class&quot;:&quot;bt_bb_align_center&quot;,&quot;xxl&quot;:&quot;center&quot;,&quot;xl&quot;:&quot;center&quot;}}\"><h1 style=\"font-family:'Roboto'; font-size:93px\" class=\"bt_bb_headline_tag\"><span class=\"bt_bb_headline_content\"><span>Desks | Labs<\/span><\/span><\/h1><\/header><div class=\"bt_bb_separator bt_bb_border_style_none bt_bb_top_spacing_130 bt_bb_bottom_spacing_130\" data-bt-override-class=\"null\"><\/div><\/div><\/div><\/div><\/div><\/div><\/div><!-- cell_inner --><\/div><!-- cell --><\/div><!-- port --><\/section><section id=\"bt_bb_section69d11b7a0e5d9\" class=\"bt_bb_section bt_bb_layout_boxed_1200 bt_bb_vertical_align_top\" style=\";background-color:#e9eaec;\" data-bt-override-class=\"null\"><div class=\"bt_bb_port\"><div class=\"bt_bb_cell\"><div class=\"bt_bb_cell_inner\"><div class=\"bt_bb_row_wrapper\"><div  class=\"bt_bb_row\"  data-bt-override-class=\"{}\"><\/div><\/div><div class=\"bt_bb_row_wrapper\"><div  class=\"bt_bb_row\"  data-bt-override-class=\"{}\"><div  class=\"bt_bb_column col-xl-12 bt_bb_align_left bt_bb_padding_normal bt_bb_animation_move_right animate\"  data-width=\"12\" data-bt-override-class=\"{}\"><div class=\"bt_bb_column_content bt_bb_vertical_align_top bt_bb_color_scheme_\"><div class=\"bt_bb_column_content_inner\"><div class=\"bt_bb_separator bt_bb_border_style_none bt_bb_top_spacing_40 bt_bb_bottom_spacing_40\" data-bt-override-class=\"null\"><\/div><div id=\"frenchdesk\" class=\"bt_bb_text\" ><h3><span style=\"color: #425363;\"><strong>French Desk<\/strong><\/span><\/h3>\n<\/div><div class=\"bt_bb_separator bt_bb_border_style_none bt_bb_top_spacing_40 bt_bb_bottom_spacing_40\" data-bt-override-class=\"null\"><\/div><div  class=\"bt_bb_text maxwibra\" ><p id=\"tw-target-text\" class=\"tw-data-text tw-text-large tw-ta\" dir=\"ltr\" data-placeholder=\"Tradu\u00e7\u00e3o\"><span class=\"Y2IQFc\" lang=\"en\">Antas da Cunha ECIJA Francophone Team provides French-speaking individuals, companies and associations with a complete legal service in their mother tongue, in all areas of law.<\/span><\/p>\n<p class=\"tw-data-text tw-text-large tw-ta\" dir=\"ltr\" data-placeholder=\"Tradu\u00e7\u00e3o\"><span class=\"Y2IQFc\" lang=\"en\"> Having an empirical knowledge of the customs and administrative formalities of each French-speaking client&#8217;s country of origin, the team is able to provide a personalized and complete follow-up, always keeping meticulous attention to the clients&#8217; global needs.<\/span><\/p>\n<p class=\"tw-data-text tw-text-large tw-ta\" dir=\"ltr\" data-placeholder=\"Tradu\u00e7\u00e3o\"><span class=\"Y2IQFc\" lang=\"en\">The legal capacity of the Portuguese legal system, accompanied by communication without linguistic barriers, allows effective results to be obtained, leveraged by close collaboration with the different practice areas of the AdCE, with a view to producing customized advice without neglecting the specificities of each area of \u200b\u200blaw.<\/span><\/p>\n<p dir=\"ltr\" style=\"text-align: center;\" data-placeholder=\"Tradu\u00e7\u00e3o\">* * *<\/p>\n<p class=\"s5\"><span class=\"s6\">Le Bureau Francophone d\u2019Antas da C<\/span><span class=\"s6\">unha ECIJA offre aux particuliers<\/span><span class=\"s6\">,<\/span><span class=\"s6\"> entreprises et associations francophones un service juridique complet dans leur langue maternelle, en to<\/span><span class=\"s6\">us domaines du droit. <\/span><\/p>\n<p class=\"s5\"><span class=\"s6\">Ayant une connaissance des <\/span><span class=\"s6\">coutumes<\/span><span class=\"s6\"> et <\/span><span class=\"s6\">des <\/span><span class=\"s6\">formalit\u00e9s administratives<\/span> <span class=\"s6\">des pays d\u2019origine d<\/span><span class=\"s6\">e ses<\/span><span class=\"s6\"> client<\/span><span class=\"s6\">s francophones<\/span><span class=\"s6\">, l\u2019\u00e9quipe est capable<\/span><span class=\"s6\"> de fournir un <\/span><span class=\"s6\">accompagnement personnalis\u00e9 et complet, <\/span><span class=\"s6\">tout en <\/span><span class=\"s6\">maintenant <\/span><span class=\"s6\">une attention particuli\u00e8re aux besoins globaux des clients<\/span><span class=\"s6\">. <\/span><\/p>\n<p class=\"s5\"><span class=\"s6\">La ma<\/span><span class=\"s6\">\u00ee<\/span><span class=\"s6\">trise du droit portugais <\/span><span class=\"s6\">accompagn\u00e9 de la <\/span><span class=\"s6\">communication plus fluide gr\u00e2ce \u00e0 l&#8217;absence de barri\u00e8res linguistiques permet<\/span><span class=\"s6\"> d\u2019obtenir des r\u00e9sultats efficaces<\/span><span class=\"s6\">, <\/span><span class=\"s6\">reposant <\/span><span class=\"s6\">sur l\u2019\u00e9troite collaboration avec tous les d\u00e9partements sp\u00e9cialis\u00e9s du cabinet afin de fournir<\/span><span class=\"s6\">des conseils exclusifs sans n\u00e9gliger les <\/span><span class=\"s6\">sp\u00e9cificit\u00e9s de chaque domaine de pratique<\/span><span class=\"s6\">.<\/span><\/p>\n<div class=\"gridShortcode\" data-margin=\"5\">\n<div class=\"sliderSlick owl-theme slide1 bt_bb_row_inner\" >\n<div class=\"bt_bb_column_inner col-md-3 col-sm-6 col-ms-12 bt_bb_align_left bt_bb_vertical_align_top bt_bb_padding_normal\" data-width=\"3\">\n<div class=\"bt_bb_column_inner_content\">\n<div class=\"bt_bb_image bt_bb_shape_square bt_bb_align_inherit bt_bb_hover_style_zoom-in-to-grayscale bt_bb_content_display_always bt_bb_content_align_middle\">\n<p>                        <a href=\"https:\/\/adcecija.pt\/en\/equipa\/tatiana-cardoso\/\" target=\"_self\" title=\"Tatiana Cardoso\"><\/p>\n<p>                            <img loading=\"lazy\" decoding=\"async\" width=\"600\" height=\"600\" src=\"https:\/\/adcecija.pt\/wp-content\/uploads\/2021\/09\/TatianaCardoso2-1.jpg\" class=\"attachment-medium size-medium wp-post-image\" alt=\"\" srcset=\"https:\/\/adcecija.pt\/wp-content\/uploads\/2021\/09\/TatianaCardoso2-1.jpg 600w, https:\/\/adcecija.pt\/wp-content\/uploads\/2021\/09\/TatianaCardoso2-1-160x160.jpg 160w, https:\/\/adcecija.pt\/wp-content\/uploads\/2021\/09\/TatianaCardoso2-1-150x150.jpg 150w, https:\/\/adcecija.pt\/wp-content\/uploads\/2021\/09\/TatianaCardoso2-1-320x320.jpg 320w\" sizes=\"auto, (max-width: 600px) 100vw, 600px\" \/>                            <\/a>\n                            <\/div>\n<div class=\"bt_bb_separator\"><\/div>\n<header class=\"bt_bb_headline text-socio bt_bb_color_scheme_2 bt_bb_dash_none bt_bb_size_small bt_bb_subheadline bt_bb_align_left bt_bb_subtitle_font_weight_light\" style=\";font-family:'Roboto';color:#425363;border-color:#425363;\">\n<h6 style=\"font-family:'Roboto'; font-size:14.9\">\n                                <span class=\"bt_bb_headline_content\"><span> Tatiana Cardoso<\/span><\/span><br \/>\n                                <\/h6>\n<div class=\"bt_bb_headline_subheadline\">\n<p>                               TCARDOSO@ADCECIJA.PT<\/p><\/div>\n<\/header>\n<div class=\"bt_bb_icon bt_bb_color_scheme_12 bt_bb_style_borderless bt_bb_size_xsmall bt_bb_shape_square bt_bb_align_inherit\">\n                                        <a href=\"https:\/\/pt.linkedin.com\/in\/tatiana-cardoso-794a6164\" target=\"_blank\" data-ico-fontawesome=\"\uf0e1\" class=\"bt_bb_icon_holder\"><\/a>\n                                        <\/div>\n<div class=\"bt_bb_icon bt_bb_color_scheme_12 bt_bb_style_borderless bt_bb_size_small bt_bb_shape_circle bt_bb_align_inherit\"><a href=\"mailto:TCARDOSO@ADCECIJA.PT\" target=\"_self\" data-ico-fontawesome=\"\uf0e0\" class=\"bt_bb_icon_holder\"><br \/>\n                                        <\/a><\/p><\/div>\n<\/p><\/div>\n<\/p><\/div>\n<div class=\"bt_bb_column_inner col-md-3 col-sm-6 col-ms-12 bt_bb_align_left bt_bb_vertical_align_top bt_bb_padding_normal\" data-width=\"3\">\n<div class=\"bt_bb_column_inner_content\">\n<div class=\"bt_bb_image bt_bb_shape_square bt_bb_align_inherit bt_bb_hover_style_zoom-in-to-grayscale bt_bb_content_display_always bt_bb_content_align_middle\">\n<p>                        <a href=\"https:\/\/adcecija.pt\/en\/equipa\/anthony-meira\/\" target=\"_self\" title=\"Anthony Meira\"><\/p>\n<p>                            <img loading=\"lazy\" decoding=\"async\" width=\"600\" height=\"600\" src=\"https:\/\/adcecija.pt\/wp-content\/uploads\/2023\/09\/AnthonyMeira-1.jpg\" class=\"attachment-medium size-medium wp-post-image\" alt=\"\" srcset=\"https:\/\/adcecija.pt\/wp-content\/uploads\/2023\/09\/AnthonyMeira-1.jpg 600w, https:\/\/adcecija.pt\/wp-content\/uploads\/2023\/09\/AnthonyMeira-1-160x160.jpg 160w, https:\/\/adcecija.pt\/wp-content\/uploads\/2023\/09\/AnthonyMeira-1-150x150.jpg 150w, https:\/\/adcecija.pt\/wp-content\/uploads\/2023\/09\/AnthonyMeira-1-320x320.jpg 320w\" sizes=\"auto, (max-width: 600px) 100vw, 600px\" \/>                            <\/a>\n                            <\/div>\n<div class=\"bt_bb_separator\"><\/div>\n<header class=\"bt_bb_headline text-socio bt_bb_color_scheme_2 bt_bb_dash_none bt_bb_size_small bt_bb_subheadline bt_bb_align_left bt_bb_subtitle_font_weight_light\" style=\";font-family:'Roboto';color:#425363;border-color:#425363;\">\n<h6 style=\"font-family:'Roboto'; font-size:14.9\">\n                                <span class=\"bt_bb_headline_content\"><span> Anthony Meira<\/span><\/span><br \/>\n                                <\/h6>\n<div class=\"bt_bb_headline_subheadline\">\n<p>                               AMEIRA@ADCECIJA.PT<\/p><\/div>\n<\/header>\n<div class=\"bt_bb_icon bt_bb_color_scheme_12 bt_bb_style_borderless bt_bb_size_xsmall bt_bb_shape_square bt_bb_align_inherit\">\n                                        <a href=\"https:\/\/www.linkedin.com\/in\/anthony-meira-a56a5665\/\" target=\"_blank\" data-ico-fontawesome=\"\uf0e1\" class=\"bt_bb_icon_holder\"><\/a>\n                                        <\/div>\n<div class=\"bt_bb_icon bt_bb_color_scheme_12 bt_bb_style_borderless bt_bb_size_small bt_bb_shape_circle bt_bb_align_inherit\"><a href=\"mailto:AMEIRA@ADCECIJA.PT\" target=\"_self\" data-ico-fontawesome=\"\uf0e0\" class=\"bt_bb_icon_holder\"><br \/>\n                                        <\/a><\/p><\/div>\n<\/p><\/div>\n<\/p><\/div>\n<div class=\"bt_bb_column_inner col-md-3 col-sm-6 col-ms-12 bt_bb_align_left bt_bb_vertical_align_top bt_bb_padding_normal\" data-width=\"3\">\n<div class=\"bt_bb_column_inner_content\">\n<div class=\"bt_bb_image bt_bb_shape_square bt_bb_align_inherit bt_bb_hover_style_zoom-in-to-grayscale bt_bb_content_display_always bt_bb_content_align_middle\">\n<p>                        <a href=\"https:\/\/adcecija.pt\/en\/equipa\/diogo-silva-melo\/\" target=\"_self\" title=\"Diogo Silva Melo\"><\/p>\n<p>                            <img loading=\"lazy\" decoding=\"async\" width=\"640\" height=\"532\" src=\"https:\/\/adcecija.pt\/wp-content\/uploads\/2024\/02\/DiogoSilvaMelo-640x532.jpg\" class=\"attachment-medium size-medium wp-post-image\" alt=\"\" srcset=\"https:\/\/adcecija.pt\/wp-content\/uploads\/2024\/02\/DiogoSilvaMelo-640x532.jpg 640w, https:\/\/adcecija.pt\/wp-content\/uploads\/2024\/02\/DiogoSilvaMelo-768x639.jpg 768w, https:\/\/adcecija.pt\/wp-content\/uploads\/2024\/02\/DiogoSilvaMelo-320x266.jpg 320w, https:\/\/adcecija.pt\/wp-content\/uploads\/2024\/02\/DiogoSilvaMelo.jpg 1130w\" sizes=\"auto, (max-width: 640px) 100vw, 640px\" \/>                            <\/a>\n                            <\/div>\n<div class=\"bt_bb_separator\"><\/div>\n<header class=\"bt_bb_headline text-socio bt_bb_color_scheme_2 bt_bb_dash_none bt_bb_size_small bt_bb_subheadline bt_bb_align_left bt_bb_subtitle_font_weight_light\" style=\";font-family:'Roboto';color:#425363;border-color:#425363;\">\n<h6 style=\"font-family:'Roboto'; font-size:14.9\">\n                                <span class=\"bt_bb_headline_content\"><span> Diogo Silva Melo<\/span><\/span><br \/>\n                                <\/h6>\n<div class=\"bt_bb_headline_subheadline\">\n<p>                               DMELO@ADCECIJA.PT<\/p><\/div>\n<\/header>\n<div class=\"bt_bb_icon bt_bb_color_scheme_12 bt_bb_style_borderless bt_bb_size_xsmall bt_bb_shape_square bt_bb_align_inherit\">\n                                        <a href=\"https:\/\/www.linkedin.com\/in\/diogosmelo\/\" target=\"_blank\" data-ico-fontawesome=\"\uf0e1\" class=\"bt_bb_icon_holder\"><\/a>\n                                        <\/div>\n<div class=\"bt_bb_icon bt_bb_color_scheme_12 bt_bb_style_borderless bt_bb_size_small bt_bb_shape_circle bt_bb_align_inherit\"><a href=\"mailto:DMELO@ADCECIJA.PT\" target=\"_self\" data-ico-fontawesome=\"\uf0e0\" class=\"bt_bb_icon_holder\"><br \/>\n                                        <\/a><\/p><\/div>\n<\/p><\/div>\n<\/p><\/div>\n<div class=\"bt_bb_column_inner col-md-3 col-sm-6 col-ms-12 bt_bb_align_left bt_bb_vertical_align_top bt_bb_padding_normal\" data-width=\"3\">\n<div class=\"bt_bb_column_inner_content\">\n<div class=\"bt_bb_image bt_bb_shape_square bt_bb_align_inherit bt_bb_hover_style_zoom-in-to-grayscale bt_bb_content_display_always bt_bb_content_align_middle\">\n<p>                        <a href=\"https:\/\/adcecija.pt\/en\/equipa\/maria-luiza-spadoni-lemes\/\" target=\"_self\" title=\"Maria Luiza Spadoni Lemes\"><\/p>\n<p>                            <img loading=\"lazy\" decoding=\"async\" width=\"600\" height=\"600\" src=\"https:\/\/adcecija.pt\/wp-content\/uploads\/2024\/10\/MariaLuizaSpadoni_square.jpg\" class=\"attachment-medium size-medium wp-post-image\" alt=\"\" srcset=\"https:\/\/adcecija.pt\/wp-content\/uploads\/2024\/10\/MariaLuizaSpadoni_square.jpg 600w, https:\/\/adcecija.pt\/wp-content\/uploads\/2024\/10\/MariaLuizaSpadoni_square-160x160.jpg 160w, https:\/\/adcecija.pt\/wp-content\/uploads\/2024\/10\/MariaLuizaSpadoni_square-150x150.jpg 150w, https:\/\/adcecija.pt\/wp-content\/uploads\/2024\/10\/MariaLuizaSpadoni_square-320x320.jpg 320w\" sizes=\"auto, (max-width: 600px) 100vw, 600px\" \/>                            <\/a>\n                            <\/div>\n<div class=\"bt_bb_separator\"><\/div>\n<header class=\"bt_bb_headline text-socio bt_bb_color_scheme_2 bt_bb_dash_none bt_bb_size_small bt_bb_subheadline bt_bb_align_left bt_bb_subtitle_font_weight_light\" style=\";font-family:'Roboto';color:#425363;border-color:#425363;\">\n<h6 style=\"font-family:'Roboto'; font-size:14.9\">\n                                <span class=\"bt_bb_headline_content\"><span> Maria Luiza Spadoni Lemes<\/span><\/span><br \/>\n                                <\/h6>\n<div class=\"bt_bb_headline_subheadline\">\n<p>                               MLEMES@ADCECIJA.PT<\/p><\/div>\n<\/header>\n<div class=\"bt_bb_icon bt_bb_color_scheme_12 bt_bb_style_borderless bt_bb_size_xsmall bt_bb_shape_square bt_bb_align_inherit\">\n                                        <a href=\"\" target=\"_blank\" data-ico-fontawesome=\"\uf0e1\" class=\"bt_bb_icon_holder\"><\/a>\n                                        <\/div>\n<div class=\"bt_bb_icon bt_bb_color_scheme_12 bt_bb_style_borderless bt_bb_size_small bt_bb_shape_circle bt_bb_align_inherit\"><a href=\"mailto:MLEMES@ADCECIJA.PT\" target=\"_self\" data-ico-fontawesome=\"\uf0e0\" class=\"bt_bb_icon_holder\"><br \/>\n                                        <\/a><\/p><\/div>\n<\/p><\/div>\n<\/p><\/div>\n<\/p><\/div>\n<\/div>\n<\/div><div class=\"bt_bb_separator bt_bb_border_style_none bt_bb_top_spacing_40 bt_bb_bottom_spacing_40\" data-bt-override-class=\"null\"><\/div><div class=\"bt_bb_separator bt_bb_border_style_none bt_bb_top_spacing_60 bt_bb_bottom_spacing_60\" data-bt-override-class=\"null\"><\/div><\/div><\/div><\/div><\/div><\/div><\/div><!-- cell_inner --><\/div><!-- cell --><\/div><!-- port --><\/section><section id=\"bt_bb_section69d11b7a17be8\" class=\"bt_bb_section bt_bb_layout_wide bt_bb_vertical_align_top\"  data-bt-override-class=\"null\"><div class=\"bt_bb_port\"><div class=\"bt_bb_cell\"><div class=\"bt_bb_cell_inner\"><div class=\"bt_bb_row_wrapper\"><div  class=\"bt_bb_row bt_bb_column_gap_60\"  data-bt-override-class=\"{}\"><div id=\"contador-brazilian\" class=\"bt_bb_column col-xl-6 bt_bb_align_left bt_bb_color_scheme_6 bt_bb_padding_normal bt_bb_animation_fade_in bt_bb_animation_move_right animate\" style=\"; --column-primary-color:#ffffff; --column-secondary-color:#e53d2f;\" data-width=\"6\" data-bt-override-class=\"{}\"><div class=\"bt_bb_column_content bt_bb_vertical_align_top bt_bb_color_scheme_6\" style=\"background-color: rgba(229, 61, 47, 1);\"><div class=\"bt_bb_column_content_inner\"><header id=\"headline\" class=\"bt_bb_headline bt_bb_font_weight_normal bt_bb_dash_none bt_bb_size_medium bt_bb_align_inherit\" style=\"text-align:right;;font-family:&#039;Roboto&#039;\" data-bt-override-class=\"{&quot;bt_bb_align_&quot;:{&quot;current_class&quot;:&quot;bt_bb_align_inherit&quot;,&quot;xxl&quot;:&quot;inherit&quot;,&quot;xl&quot;:&quot;inherit&quot;}}\"><h3 style=\"font-family:'Roboto'; font-size:41px\" class=\"bt_bb_headline_tag\"><span class=\"bt_bb_headline_content\"><span> <\/span><\/span><\/h3><\/header><\/div><\/div><\/div><div id=\"contador-number-brazilian\" class=\"bt_bb_column col-xl-6 bt_bb_align_right bt_bb_padding_normal bt_bb_animation_fade_in animate\"  data-width=\"6\" data-bt-override-class=\"{}\"><div class=\"bt_bb_column_content bt_bb_vertical_align_middle bt_bb_color_scheme_\"><div class=\"bt_bb_column_content_inner\"><div class=\"bt_bb_row_wrapper\"><div  class=\"bt_bb_row_inner\"  data-bt-override-class=\"{}\"><\/div><\/div><div class=\"bt_bb_row_wrapper\"><div  class=\"bt_bb_row_inner\"  data-bt-override-class=\"{}\"><\/div><\/div><\/div><\/div><\/div><\/div><\/div><\/div><!-- cell_inner --><\/div><!-- cell --><\/div><!-- port --><\/section>","protected":false},"excerpt":{"rendered":"","protected":false},"author":57,"featured_media":0,"parent":0,"menu_order":0,"comment_status":"closed","ping_status":"closed","template":"","meta":{"_exactmetrics_skip_tracking":false,"_exactmetrics_sitenote_active":false,"_exactmetrics_sitenote_note":"","_exactmetrics_sitenote_category":0,"footnotes":""},"class_list":["post-11566","page","type-page","status-publish","hentry"],"_links":{"self":[{"href":"https:\/\/adcecija.pt\/en\/wp-json\/wp\/v2\/pages\/11566","targetHints":{"allow":["GET"]}}],"collection":[{"href":"https:\/\/adcecija.pt\/en\/wp-json\/wp\/v2\/pages"}],"about":[{"href":"https:\/\/adcecija.pt\/en\/wp-json\/wp\/v2\/types\/page"}],"author":[{"embeddable":true,"href":"https:\/\/adcecija.pt\/en\/wp-json\/wp\/v2\/users\/57"}],"replies":[{"embeddable":true,"href":"https:\/\/adcecija.pt\/en\/wp-json\/wp\/v2\/comments?post=11566"}],"version-history":[{"count":30,"href":"https:\/\/adcecija.pt\/en\/wp-json\/wp\/v2\/pages\/11566\/revisions"}],"predecessor-version":[{"id":19288,"href":"https:\/\/adcecija.pt\/en\/wp-json\/wp\/v2\/pages\/11566\/revisions\/19288"}],"wp:attachment":[{"href":"https:\/\/adcecija.pt\/en\/wp-json\/wp\/v2\/media?parent=11566"}],"curies":[{"name":"wp","href":"https:\/\/api.w.org\/{rel}","templated":true}]}}