{"id":11256,"date":"2020-07-12T12:24:50","date_gmt":"2020-07-12T12:24:50","guid":{"rendered":"https:\/\/adcecija.pt\/equipa\/"},"modified":"2022-10-20T16:19:40","modified_gmt":"2022-10-20T16:19:40","slug":"our-team","status":"publish","type":"page","link":"https:\/\/adcecija.pt\/en\/our-team\/","title":{"rendered":"Our Team"},"content":{"rendered":"<section id=\"bt_bb_section69db26f76456d\" class=\"bt_bb_section bt_bb_layout_boxed_1200 bt_bb_vertical_align_middle\" style=\"position:relative;;background-color:transparent;\" data-bt-override-class=\"null\"><div class=\"bt_bb_background_image_holder_wrapper\"><div class=\"bt_bb_background_image_holder\"  data-parallax-zoom-start=\"1\" data-parallax-zoom-end=\"1\" data-parallax-blur-start=\"0\" data-parallax-blur-end=\"0\" data-parallax-opacity-start=\"1\" data-parallax-opacity-end=\"1\" style=\" background-image:url(&#039;https:\/\/adcecija.pt\/wp-content\/uploads\/2022\/08\/Banner_Sociedade_1.png&#039;);\"><\/div><\/div><div class=\"bt_bb_port\"><div class=\"bt_bb_cell\"><div class=\"bt_bb_cell_inner\"><div class=\"bt_bb_row_wrapper\"><div  class=\"bt_bb_row\"  data-bt-override-class=\"{}\"><div  class=\"bt_bb_column col-xl-12 bt_bb_align_left bt_bb_padding_normal bt_bb_animation_zoom_in animate\"  data-width=\"12\" data-bt-override-class=\"{}\"><div class=\"bt_bb_column_content bt_bb_vertical_align_top bt_bb_color_scheme_\"><div class=\"bt_bb_column_content_inner\"><div class=\"bt_bb_separator bt_bb_border_style_none bt_bb_top_spacing_100 bt_bb_bottom_spacing_100\" data-bt-override-class=\"null\"><\/div><header id=\"titulopagina\" class=\"bt_bb_headline bt_bb_font_weight_bold bt_bb_dash_none bt_bb_size_extralarge bt_bb_align_center\" style=\";font-family:&#039;Roboto&#039;;color:#ffffff;border-color:#ffffff;\" data-bt-override-class=\"{}\"><h1 style=\"font-family:'Roboto'; font-size:93px\" class=\"bt_bb_headline_tag\"><span class=\"bt_bb_headline_content\"><span>Our Team<\/span><\/span><\/h1><\/header><div class=\"bt_bb_separator bt_bb_border_style_none bt_bb_top_spacing_100 bt_bb_bottom_spacing_100\" data-bt-override-class=\"null\"><\/div><\/div><\/div><\/div><\/div><\/div><\/div><!-- cell_inner --><\/div><!-- cell --><\/div><!-- port --><\/section><section id=\"bt_bb_section69db26f764ef5\" class=\"bt_bb_section bt_bb_layout_boxed_1200\"  data-bt-override-class=\"null\"><div class=\"bt_bb_port\"><div class=\"bt_bb_cell\"><div class=\"bt_bb_cell_inner\"><div class=\"bt_bb_row_wrapper\"><div  class=\"bt_bb_row\"  data-bt-override-class=\"{}\"><div id=\"tailordiv\" class=\"bt_bb_column col-xl-12 bt_bb_align_center bt_bb_padding_normal bt_bb_animation_fade_in bt_bb_animation_move_left animate\"  data-width=\"12\" data-bt-override-class=\"{}\"><div class=\"bt_bb_column_content bt_bb_vertical_align_top bt_bb_color_scheme_\"><div class=\"bt_bb_column_content_inner\"><div class=\"bt_bb_separator bt_bb_border_style_none bt_bb_top_spacing_25\" data-bt-override-class=\"null\"><\/div><header class=\"bt_bb_headline bt_bb_font_weight_light bt_bb_color_scheme_6 bt_bb_dash_gray bt_bb_size_normal bt_bb_align_inherit bt_bb_supertitle_font_weight_normal bt_bb_subtitle_font_weight_normal\" style=\";font-family:&#039;Roboto&#039;; --primary-color:#ffffff; --secondary-color:#e53d2f;;color:#324251;border-color:#324251;\" data-bt-override-class=\"{}\"><h3 style=\"font-family:'Roboto'; font-size:55px\" class=\"bt_bb_headline_tag\"><span class=\"bt_bb_headline_content\"><span>COMING TOGETHER IS<\/span><\/span><\/h3><\/header><header class=\"bt_bb_headline bt_bb_font_weight_semi-bold bt_bb_color_scheme_6 bt_bb_dash_top bt_bb_size_extralarge bt_bb_align_inherit\" style=\";font-family:&#039;Roboto&#039;; --primary-color:#ffffff; --secondary-color:#e53d2f;;color:#e53d2f;border-color:#e53d2f;\" data-bt-override-class=\"{}\"><h4 style=\"font-family:'Roboto'; font-size:50px\" class=\"bt_bb_headline_tag\"><span class=\"bt_bb_headline_content\"><span>A BEGINNING.<\/span><\/span><\/h4><\/header><div class=\"bt_bb_separator bt_bb_border_style_none bt_bb_bottom_spacing_50\" data-bt-override-class=\"null\"><\/div><\/div><\/div><\/div><\/div><\/div><\/div><!-- cell_inner --><\/div><!-- cell --><\/div><!-- port --><\/section><section id=\"bt_bb_section69db26f765739\" class=\"bt_bb_section bt_bb_layout_boxed_1200 bt_bb_vertical_align_top\" style=\"background: #e9eaec; padding-bottom: 70px;;background-color:#ffffff;\" data-bt-override-class=\"null\"><div class=\"bt_bb_port\"><div class=\"bt_bb_cell\"><div class=\"bt_bb_cell_inner\"><div class=\"bt_bb_row_wrapper\"><div  class=\"bt_bb_row\"  data-bt-override-class=\"{}\"><div  class=\"bt_bb_column col-xl-12 bt_bb_align_left bt_bb_padding_normal\"  data-width=\"12\" data-bt-override-class=\"{}\"><div class=\"bt_bb_column_content bt_bb_vertical_align_top bt_bb_color_scheme_\"><div class=\"bt_bb_column_content_inner\"><div class=\"bt_bb_separator bt_bb_border_style_none bt_bb_top_spacing_30 bt_bb_bottom_spacing_30\" data-bt-override-class=\"null\"><\/div><div id=\"hidePageShort\" class=\"bt_bb_text\" >\t<script type='text\/javascript'>\n\n\t\tif ( 'undefined' === typeof lscfShortcodeData ) {\n\t\t\tvar lscfShortcodeData = [];\n\t\t}\n\n\t\t\/\/ split wp-content string to avoid the url to be rewriten by some CDN providers\n\t\tlscfShortcodeData.push({\n\t\t\t'ID':'zaipojofceuwggg_0',\n\t\t\t'wpml': '1',\n\t\t\t'lang': 'en',\n\t\t\t'postType':'equipa',\n\t\t\t'post_per_page':'99',\n\t\t\t'plugin_url':'https:\/\/adcecija.pt\/wp-content\/plugins\/codecanyon-lEQIyCry-live-search-and-custom-fields-wordpress-plugin\/',\n\t\t\t'site_url':'https:\/\/adcecija.pt',\n\t\t\t'ajax_url':'https:\/\/adcecija.pt\/wp-admin\/admin-ajax.php',\n\t\t\t'rest_api_uri': 'https:\/\/adcecija.pt\/en\/wp-json\/',\n\t\t\t'options':{\"writing\":{\"load_more\":\"Load more\",\"view\":\"View\",\"any\":\"Any\",\"select\":\"Select\",\"filter\":\"Filter\",\"add_to_cart\":\"Add to Cart\",\"see_more\":\"See More\",\"see_less\":\"See Less\",\"no_results\":\"No Results\",\"sort_by\":\"Sort By\",\"sort_asc\":\"ASC\",\"sort_desc\":\"DESC\",\"date\":\"Date\",\"title\":\"Title\",\"close\":\"Close Filter\",\"search\":\"Search\",\"price\":\"Price\",\"grid\":\"Grid\",\"reset_filters\":\"Reset Filters\",\"range_field_from\":\"From\",\"range_field_to\":\"To\"},\"reset_button\":0,\"grid_view\":0,\"see_more\":\"See More\",\"filter_type\":\"custom-posts\",\"run_shortcodes\":0,\"disable_empty_option_on_filtering\":0,\"infinite_scrolling\":0,\"checkboxes_conditional_logic\":\"or\",\"lscf_custom_fields_order_as\":\"number\",\"order_by\":{\"items\":[]},\"default_order_by\":{\"key\":\"default_order_by\",\"value\":\"post_date\",\"order_as\":\"asc\"},\"url_history\":1,\"instant_search\":1,\"general_search_by\":{\"items\":[]},\"general_search_conditional_logic\":\"and\",\"general_search_algorithm\":\"algorithm-1\",\"keywords_conditional_logic\":\"OR\",\"range_filtering_type\":\"lscf_number\",\"pagination_type\":\"load-more\",\"hide_see_more_on_checkboxes_list\":1,\"woo_price_format\":0,\"woo_instock\":0},\n\t\t\t'settings':{\"main-color\":\"#1e88e5\",\"posts-per-page\":99,\"reset_button\":{\"position\":\"top\",\"name\":\"Reset\"},\"theme\":{\"display\":\"custom-theme\",\"columns\":4,\"viewchanger\":{\"grid\":1},\"link_type\":\"0\",\"sidebar\":{\"position\":\"top\"},\"custom_template\":{\"url\":\"https:\\\/\\\/adcecija.pt\\\/wp-content\\\/themes\\\/goldenblatt-child\\\/lscf-templates\\\/lscf-equipaFilter.html\",\"name\":\"equipaFilter\",\"slug\":\"equipafilter\"},\"posts_display_from\":{\"post_taxonomies\":{\"active_terms\":[]}}},\"main-color-rgb\":\"30, 136, 229\",\"is_administrator\":0,\"redirect_page\":\"\"}\t\t});\n\n\t\tdocument.getElementsByTagName(\"body\")[0].setAttribute(\"ng-app\", \"lscf-app\");\n\n\t<\/script>\n\n\t\n<div id=\"lscf-filter-wrapper-zaipojofceuwggg_0\"\n\tclass=\"px-capf-wrapper row  lscf-theme-custom-theme\" >\n\n\n\t\t\t<div\n\t\t\tclass=\"col-sm-12 col-md-12 col-lg-12 lscf-container pxfilter-grid-only\"\n\t\t\tdata-index=\"0\"\n\t\t\tng-controller=\"pxfilterController\" >\n\n\t\t\t\n\t\t\t<div\n\t\t\t\tclass=\"row\"\n\t\t\t\tid=\"lscf-posts-wrapper\"\n\t\t\t\tng-if=\"pluginSettings.existsPosts\"\n\t\t\t\tng-class=\"{'lscf-administrator' : pluginSettings.filterSettings.is_administrator == 1 }\">\n\n\t\t\t\t<div\n\t\t\t\t\tng-if=\"pluginSettings.filterSettings.theme.sidebar.position == 'left' || pluginSettings.filterSettings.theme.sidebar.position == 'top' \"\n\t\t\t\t\tclass=\"{{ 'col-xs-12 ' +pluginSettings.className.sidebar+' px-filter-fields' }}\"\n\t\t\t\t\tng-include=\"pluginSettings.pluginPath + 'app\/views\/filterFields.html'\">\n\t\t\t\t<\/div>\n\n\n\t\t\t\t<div class=\"{{ 'col-xs-12 ' + pluginSettings.className.posts_theme + 'lscf-posts' }} \">\n\n\t\t\t\t\t<div\n\t\t\t\t\t\tclass=\"px-posts-overlay-loading px-hide\"\n\t\t\t\t\t\tng-class=\"{'ang_ready' : loadMoreBtn.ready}\"\n\t\t\t\t\t\tng-if=\"loadMoreBtn.postsLoading\" >\n\n\t\t\t\t\t\t<img decoding=\"async\" src=\"https:\/\/adcecija.pt\/wp-content\/plugins\/codecanyon-lEQIyCry-live-search-and-custom-fields-wordpress-plugin\/assets\/images\/loading_light.gif\">\n\t\t\t\t\t<\/div>\n\n\t\t\t\t\t<div\n\t\t\t\t\t\tclass=\"lscf-no-results-error px-hide\"\n\t\t\t\t\t\tng-class=\"{'ang_ready' : loadMoreBtn.ready}\"\n\t\t\t\t\t\tng-if=\"loadMoreBtn.noResults\">\n\t\t\t\t\t\t\t{{pluginSettings.generalSettings.writing.no_results}}\n\t\t\t\t\t<\/div>\n\n\t\t\t\t\t<div\n\t\t\t\t\t\tng-switch=\"pluginSettings.filterSettings.theme.display\"\n\t\t\t\t\t\tng-class=\" {'lscf-template-orderby-right-margin': 'woocommerce-grid-2' == pluginSettings.filterSettings.theme.display}\" >\n\n\t\t\t\t\t\t<div class=\"lscf-row-utils\">\n\t\t\t\t\t\t\t<div class=\"lscf-order-by\" sort-by><\/div>\n\n\t\t\t\t\t\t\t<div class=\"viewModeBlock\">\n\t\t\t\t\t\t\t\t<div class=\"viewMode\">\n\t\t\t\t\t\t\t\t\t<div id=\"blockView\" class=\"glyphicon glyphicon-th\"><\/div>\n\t\t\t\t\t\t\t\t\t<div id=\"listView\" class=\"active glyphicon glyphicon-th-list\"><\/div>\n\t\t\t\t\t\t\t\t<\/div>\n\t\t\t\t\t\t\t<\/div>\n\t\t\t\t\t\t<\/div>\n\n\t\t\t\t\t\t<div ng-switch-when=\"default\">\n\t\t\t\t\t\t\t<div id=\"lscf-posts-container-defaultTheme\" class=\"view lscf-posts-block lscf-grid-view\" viewmode-default><\/div>\n\n\t\t\t\t\t\t<\/div>\n\n\t\t\t\t\t\t<div ng-switch-when=\"accordion\" class=\"view lscf-posts-accordion lscf-posts-wrapper\">\n\t\t\t\t\t\t\t<div viewmode-accordion><\/div>\n\t\t\t\t\t\t<\/div>\n\n\t\t\t\t\t\t<div ng-switch-when=\"portrait\" class=\"view lscf-posts-portrait lscf-posts-wrapper lscf-grid-view\">\n\t\t\t\t\t\t\t<div viewmode-portrait><\/div>\n\t\t\t\t\t\t<\/div>\n\n\t\t\t\t\t\t<div ng-switch-when=\"basic-grid\" class=\"view lscf-posts-basic-grid lscf-posts-wrapper lscf-grid-view\">\n\t\t\t\t\t\t\t<div viewmode-basic-grid><\/div>\n\t\t\t\t\t\t<\/div>\n\n\t\t\t\t\t\t<div ng-switch-when=\"masonry-grid\" class=\"view lscf-posts-basic-grid lscf-posts-wrapper lscf-grid-view\">\n\t\t\t\t\t\t\t<div viewmode-masonry-grid><\/div>\n\t\t\t\t\t\t<\/div>\n\n\t\t\t\t\t\t<div ng-switch-when=\"woocommerce-grid\" class=\"view lscf-posts-basic-grid lscf-posts-wrapper lscf-grid-view\">\n\t\t\t\t\t\t\t<div viewmode-woocommerce><\/div>\n\t\t\t\t\t\t<\/div>\n\n\t\t\t\t\t\t<div ng-switch-when=\"woocommerce-grid-2\" class=\"lscf-posts-basic-grid lscf-posts-wrapper lscf-grid-view\">\n\t\t\t\t\t\t\t<div viewmode-woocommerce-grid><\/div>\n\t\t\t\t\t\t<\/div>\n\n\t\t\t\t\t\t<div ng-switch-when=\"custom-theme\" class=\"lscf-posts-wrapper lscf-custom-template-wrapper lscf-grid-view\">\n\t\t\t\t\t\t\t<div viewmode-custom ><\/div>\n\t\t\t\t\t\t<\/div>\n\n\t\t\t\t\t<\/div>\n\t\t\t\t\t<div class=\"clear\"><\/div>\n\n\t\t\t\t\t<div\n\t\t\t\t\t\tng-if=\" 'dynamic' === pluginSettings.generalSettings.pagination_type\"\n\t\t\t\t\t\tng-class=\"{'lscf-pagination-ready' : true === dynamicPaginationReady}\"\n\t\t\t\t\t\tpagination-dynamic>\n\t\t\t\t\t\t<div class=\"lscf-dynamic-pagination-container\">\n\t\t\t\t\t\t\t<span\n\t\t\t\t\t\t\t\tng-click=\"prevPage()\"\n\t\t\t\t\t\t\t\tclass=\"lscf-dynamic-pag-prev\"><\/span>\n\t\t\t\t\t\t\t<span class=\"lscf-dynamic-pag-main\">\n\t\t\t\t\t\t\t\t<input\n\t\t\t\t\t\t\t\t\tng-blur=\"onInputBlur()\"\n\t\t\t\t\t\t\t\t\tng-model=\"activepage\"\n\t\t\t\t\t\t\t\t\ttype=\"number\"\/>  of {{actionSettings.pagesCount}}\n\t\t\t\t\t\t\t<\/span>\n\t\t\t\t\t\t\t<span\n\t\t\t\t\t\t\t\tng-click=\"nextPage()\"\n\t\t\t\t\t\t\t\tclass=\"lscf-dynamic-pag-next\"><\/span>\n\t\t\t\t\t\t<\/div>\n\t\t\t\t\t\t<div class=\"clear\"><\/div>\n\t\t\t\t\t<\/div>\n\n\t\t\t\t\t<div\n\t\t\t\t\t\tng-if=\" 'load-more' === pluginSettings.generalSettings.pagination_type && loadMoreBtn.morePostsAvailable\"\n\t\t\t\t\t\tclass=\"capf_loading px-hide\"\n\t\t\t\t\t\tng-class=\"{'ang_ready' : loadMoreBtn.ready}\">\n\t\t\t\t\t\t\t<img decoding=\"async\" ng-if=\"loadMoreBtn.loading\" src=\"https:\/\/adcecija.pt\/wp-content\/plugins\/codecanyon-lEQIyCry-live-search-and-custom-fields-wordpress-plugin\/assets\/images\/loading_light.gif\">\n\t\t\t\t\t\t\t<br\/>\n\n\t\t\t\t\t\t\t<label\n\t\t\t\t\t\t\t\tclass=\"loadMore\"\n\t\t\t\t\t\t\t\tng-if=\"!loadMoreBtn.loading\"\n\t\t\t\t\t\t\t\tng-click=\"load_more()\">\n\n\t\t\t\t\t\t\t\tLoad more\t\t\t\t\t\t\t<\/label>\n\t\t\t\t\t<\/div>\n\t\t\t\t<\/div>\n\n\t\t\t\t<div\n\t\t\t\t\tng-if=\"pluginSettings.filterSettings.theme.sidebar.position == 'right' \"\n\t\t\t\t\tclass=\"{{ 'col-xs-12 ' +pluginSettings.className.sidebar+' px-filter-fields' }}\"\n\t\t\t\t\tng-include=\"pluginSettings.pluginPath + 'app\/views\/filterFields.html'\">\n\t\t\t\t<\/div>\n\n\t\t\t<\/div>\n\n\t\t<\/div>\n\n\t<\/div>\n<\/div><\/div><\/div><\/div><\/div><\/div><\/div><!-- cell_inner --><\/div><!-- cell --><\/div><!-- port --><\/section><section id=\"recrutamentosection\" class=\"bt_bb_section bt_bb_layout_wide bt_bb_vertical_align_top\" style=\";background-color:#425363;\" data-bt-override-class=\"null\"><div class=\"bt_bb_port\"><div class=\"bt_bb_cell\"><div class=\"bt_bb_cell_inner\"><div class=\"bt_bb_row_wrapper\"><div  class=\"bt_bb_row\"  data-bt-override-class=\"{}\"><div  class=\"bt_bb_column col-xl-12 bt_bb_align_left bt_bb_padding_normal bt_bb_animation_move_up animate\"  data-width=\"12\" data-bt-override-class=\"{}\"><div class=\"bt_bb_column_content bt_bb_vertical_align_top bt_bb_color_scheme_\"><div class=\"bt_bb_column_content_inner\"><div class=\"bt_bb_separator bt_bb_border_style_none bt_bb_top_spacing_130 bt_bb_bottom_spacing_130\" data-bt-override-class=\"null\"><\/div><header class=\"bt_bb_headline bt_bb_font_weight_lighter bt_bb_dash_none bt_bb_size_inherit bt_bb_align_center bt_bb_subtitle_font_weight_bold\" style=\";font-family:&#039;Roboto&#039;;color:#ffffff;border-color:#ffffff;\" data-bt-override-class=\"{}\"><h1 style=\"font-family:'Roboto'; font-size:51px\" class=\"bt_bb_headline_tag\"><span class=\"bt_bb_headline_content\"><span>RECRUITMENT<\/span><\/span><\/h1><\/header><header class=\"bt_bb_headline bt_bb_font_weight_bold bt_bb_dash_none bt_bb_size_inherit bt_bb_align_center bt_bb_subtitle_font_weight_bold\" style=\";font-family:&#039;Roboto&#039;;color:#ffffff;border-color:#ffffff;\" data-bt-override-class=\"{}\"><h1 style=\"font-family:'Roboto'; font-size:51px\" class=\"bt_bb_headline_tag\"><span class=\"bt_bb_headline_content\"><span>Hire character. Train skill.<\/span><\/span><\/h1><\/header><div class=\"bt_bb_separator bt_bb_border_style_none bt_bb_top_spacing_130 bt_bb_bottom_spacing_130\" data-bt-override-class=\"null\"><\/div><\/div><\/div><\/div><\/div><\/div><\/div><!-- cell_inner --><\/div><!-- cell --><\/div><!-- port --><\/section><section id=\"bt_bb_section69db26f767ee1\" class=\"bt_bb_section bt_bb_layout_wide bt_bb_vertical_align_top\"  data-bt-override-class=\"null\"><div class=\"bt_bb_port\"><div class=\"bt_bb_cell\"><div class=\"bt_bb_cell_inner\"><div class=\"bt_bb_row_wrapper\"><div  class=\"bt_bb_row\"  data-bt-override-class=\"{}\"><div id=\"imgrecru\" class=\"bt_bb_column col-xl-6 bt_bb_align_left bt_bb_padding_normal bt_bb_animation_fade_in bt_bb_animation_move_right animate\"  data-width=\"6\" data-bt-override-class=\"{}\"><div class=\"bt_bb_column_content bt_bb_vertical_align_top bt_bb_color_scheme_\"><div class=\"bt_bb_column_content_inner\"><div class=\"bt_bb_image Retngulo-128 bt_bb_shape_square bt_bb_target_self bt_bb_align_inherit bt_bb_hover_style_simple bt_bb_content_display_always bt_bb_content_align_top\" data-bt-override-class=\"{}\"><span><img loading=\"lazy\" decoding=\"async\" width=\"923\" height=\"1184\" src=\"https:\/\/adcecija.pt\/wp-content\/uploads\/2020\/07\/Ret\u00e2ngulo-128-e1594262040173.png\" class=\"attachment-full size-full\" alt=\"https:\/\/adcecija.pt\/wp-content\/uploads\/2020\/07\/Ret\u00e2ngulo-128-e1594262040173.png\" data-full_image_src=\"https:\/\/adcecija.pt\/wp-content\/uploads\/2020\/07\/Ret\u00e2ngulo-128-e1594262040173.png\" title=\"Ret\u00e2ngulo 128\" srcset=\"https:\/\/adcecija.pt\/wp-content\/uploads\/2020\/07\/Ret\u00e2ngulo-128-e1594262040173.png 923w, https:\/\/adcecija.pt\/wp-content\/uploads\/2020\/07\/Ret\u00e2ngulo-128-e1594262040173-640x821.png 640w, https:\/\/adcecija.pt\/wp-content\/uploads\/2020\/07\/Ret\u00e2ngulo-128-e1594262040173-768x985.png 768w, https:\/\/adcecija.pt\/wp-content\/uploads\/2020\/07\/Ret\u00e2ngulo-128-e1594262040173-320x410.png 320w\" sizes=\"auto, (max-width: 923px) 100vw, 923px\" \/><\/span><\/div><\/div><\/div><\/div><div  class=\"bt_bb_column col-xl-6 bt_bb_align_left bt_bb_padding_normal bt_bb_animation_fade_in bt_bb_animation_move_left animate\"  data-width=\"6\" data-bt-override-class=\"{}\"><div class=\"bt_bb_column_content bt_bb_vertical_align_top bt_bb_color_scheme_\"><div class=\"bt_bb_column_content_inner\"><div class=\"bt_bb_separator bt_bb_border_style_none bt_bb_top_spacing_80 bt_bb_bottom_spacing_80\" data-bt-override-class=\"null\"><\/div><div class=\"bt_bb_separator bt_bb_border_style_none bt_bb_top_spacing_80 bt_bb_bottom_spacing_80\" data-bt-override-class=\"null\"><\/div><div class=\"bt_bb_separator bt_bb_border_style_none bt_bb_top_spacing_80 bt_bb_bottom_spacing_80\" data-bt-override-class=\"null\"><\/div><div class=\"bt_bb_separator bt_bb_border_style_none bt_bb_top_spacing_80 bt_bb_bottom_spacing_80\" data-bt-override-class=\"null\"><\/div><div class=\"bt_bb_separator bt_bb_border_style_none bt_bb_top_spacing_80 bt_bb_bottom_spacing_80\" data-bt-override-class=\"null\"><\/div><\/div><\/div><\/div><\/div><\/div><div class=\"bt_bb_row_wrapper\"><div  class=\"bt_bb_row bt_bb_hidden_xs bt_bb_hidden_ms bt_bb_hidden_sm bt_bb_hidden_md bt_bb_hidden_lg\"  data-bt-override-class=\"{}\"><div  class=\"bt_bb_column col-xl-12 bt_bb_align_left bt_bb_padding_130 bt_bb_animation_zoom_in animate\"  data-width=\"12\" data-bt-override-class=\"{}\"><div class=\"bt_bb_column_content bt_bb_vertical_align_top bt_bb_color_scheme_\"><div class=\"bt_bb_column_content_inner\"><div class=\"bt_bb_separator bt_bb_border_style_none bt_bb_top_spacing_40 bt_bb_bottom_spacing_80\" data-bt-override-class=\"null\"><\/div><div class=\"btQuoteBooking  btQuoteBookingWithoutColor c69db26f769edc\"  data-admin_email=\"\" data-cf7_id=\"\" data-email_client=\"\" data-email_gdpr=\"\" data-email_gdpr_text=\"\" data-email_gdpr_not_text=\"\" data-currency=\"\" data-currency_after=\"\" data-currency_space=\"\" data-url_confirmation=\"\" data-url_ajax=\"https:\/\/adcecija.pt\/wp-admin\/admin-ajax.php\" data-subject=\"\" data-email_header=\"\" data-email_footer=\"\" data-date_text=\"Preferred Service Date\" data-time_text=\"Preferred Service Time\" data-message_please_wait=\"Please wait...\" data-message_success=\"Thank you, we will contact you soon!\" data-message_error=\"Error! Please try again later.\" data-message_mandatory=\"Please fill out all required fields.\" data-rec_secret_key=\"\" data-total_text=\"Total\" data-total_format=\"currency_1\" data-total_decimals=\"2\" data-date_format=\"\" data-bt_cc_nonce=\"bb8cbc05e0\"><div class=\"btQuoteBookingWrap\"><div class=\"btQuoteBookingForm btActive\"><div class=\"bt_bb_raw_content\"><div style=\"text-align: justify; color: #324251;\">\n<div style=\"margin-right: 10px;\" class=\"btQuoteSwitch btQuoteElement\" data-off=\"N\u00e3o\" data-on=\"Sim\" data-condition=\"\" data-initial-value=\"off\">\n<div class=\"btQuoteSwitchInner\"><\/div>\n<\/div>\n<p>Os dados recolhidos no presente formul\u00e1rio ser\u00e3o processados e armazenados informaticamente e eventualmente em suporte papel. A Antas da Cunha &#038; Associados &#8211; Sociedade de Advogados, RL \u00e9 a entidade respons\u00e1vel pelo tratamento dos dados pessoais.<\/p>\n<p>A informa\u00e7\u00e3o fornecida ser\u00e1 tratada de forma confidencial e utilizada exclusivamente para efeitos de recrutamento e da pondera\u00e7\u00e3o de uma eventual colabora\u00e7\u00e3o do titular dos dados com a Antas da Cunha. Em caso de contrata\u00e7\u00e3o, os dados recolhidos no presente formul\u00e1rio, em conjunto com os demais dados obtidos no \u00e2mbito da rela\u00e7\u00e3o contratual, ser\u00e3o utilizados para a gest\u00e3o de recursos humanos, para assegurar o cumprimento das obriga\u00e7\u00f5es legais e para a disponibiliza\u00e7\u00e3o, aos colaboradores, de meios necess\u00e1rios \u00e0 prossecu\u00e7\u00e3o da atividade profissional.<\/p>\n<p>A Antas da Cunha poder\u00e1 transmitir os seus dados a entidades subcontratadas para os efeitos acima referidos.<\/p>\n<p>Nos termos da legisla\u00e7\u00e3o aplic\u00e1vel, \u00e9 garantido ao titular o direito de acesso, retifica\u00e7\u00e3o e atualiza\u00e7\u00e3o dos seus dados pessoais, mediante pedido por escrito dirigido \u00e0 entidade respons\u00e1vel pelo tratamento dos dados e remetido por correio para recrutamento@adcecija.pt.<br>\nOs dados pessoais s\u00e3o submetidos \u00e0 Antas da Cunha atrav\u00e9s de uma rede aberta pelo que poder\u00e1 existir o risco de serem vistos e utilizados por terceiros n\u00e3o autorizados.<\/p>\n<\/div><\/div><div class=\"btTotalNextWrapper\"><\/div><\/div><\/div><\/div><div class=\"bt_bb_separator bt_bb_border_style_none bt_bb_bottom_spacing_80\" data-bt-override-class=\"null\"><\/div><\/div><\/div><\/div><\/div><\/div><\/div><!-- cell_inner --><\/div><!-- cell --><\/div><!-- port --><\/section>","protected":false},"excerpt":{"rendered":"","protected":false},"author":57,"featured_media":0,"parent":0,"menu_order":0,"comment_status":"closed","ping_status":"closed","template":"","meta":{"_exactmetrics_skip_tracking":false,"_exactmetrics_sitenote_active":false,"_exactmetrics_sitenote_note":"","_exactmetrics_sitenote_category":0,"footnotes":""},"class_list":["post-11256","page","type-page","status-publish","hentry"],"_links":{"self":[{"href":"https:\/\/adcecija.pt\/en\/wp-json\/wp\/v2\/pages\/11256","targetHints":{"allow":["GET"]}}],"collection":[{"href":"https:\/\/adcecija.pt\/en\/wp-json\/wp\/v2\/pages"}],"about":[{"href":"https:\/\/adcecija.pt\/en\/wp-json\/wp\/v2\/types\/page"}],"author":[{"embeddable":true,"href":"https:\/\/adcecija.pt\/en\/wp-json\/wp\/v2\/users\/57"}],"replies":[{"embeddable":true,"href":"https:\/\/adcecija.pt\/en\/wp-json\/wp\/v2\/comments?post=11256"}],"version-history":[{"count":4,"href":"https:\/\/adcecija.pt\/en\/wp-json\/wp\/v2\/pages\/11256\/revisions"}],"predecessor-version":[{"id":15693,"href":"https:\/\/adcecija.pt\/en\/wp-json\/wp\/v2\/pages\/11256\/revisions\/15693"}],"wp:attachment":[{"href":"https:\/\/adcecija.pt\/en\/wp-json\/wp\/v2\/media?parent=11256"}],"curies":[{"name":"wp","href":"https:\/\/api.w.org\/{rel}","templated":true}]}}